{"id":1083,"date":"2021-03-16T09:48:08","date_gmt":"2021-03-16T08:48:08","guid":{"rendered":"https:\/\/otto-spaleck-stiftung.de\/impressum\/"},"modified":"2021-06-23T14:38:27","modified_gmt":"2021-06-23T12:38:27","slug":"impressum","status":"publish","type":"page","link":"https:\/\/otto-spaleck-stiftung.de\/nl\/impressum\/","title":{"rendered":"Impressum"},"content":{"rendered":"\t\t<div data-elementor-type=\"wp-page\" data-elementor-id=\"1083\" class=\"elementor elementor-1083 elementor-539\">\n\t\t\t\t\t\t<div class=\"elementor-inner\">\n\t\t\t\t<div class=\"elementor-section-wrap\">\n\t\t\t\t\t\t\t\t\t<section data-particle_enable=\"false\" data-particle-mobile-disabled=\"false\" class=\"elementor-section elementor-top-section elementor-element elementor-element-ea2a2da elementor-section-boxed elementor-section-height-default elementor-section-height-default\" data-id=\"ea2a2da\" data-element_type=\"section\">\n\t\t\t\t\t\t<div class=\"elementor-container elementor-column-gap-default\">\n\t\t\t\t\t\t\t<div class=\"elementor-row\">\n\t\t\t\t\t<div class=\"elementor-column elementor-col-100 elementor-top-column elementor-element elementor-element-26b2e9c\" data-id=\"26b2e9c\" data-element_type=\"column\">\n\t\t\t<div class=\"elementor-column-wrap elementor-element-populated\">\n\t\t\t\t\t\t\t<div class=\"elementor-widget-wrap\">\n\t\t\t\t\t\t<div class=\"elementor-element elementor-element-4f4822d elementor-widget elementor-widget-heading\" data-id=\"4f4822d\" data-element_type=\"widget\" data-widget_type=\"heading.default\">\n\t\t\t\t<div class=\"elementor-widget-container\">\n\t\t\t<h2 class=\"elementor-heading-title elementor-size-default\">Impressum<\/h2>\t\t<\/div>\n\t\t\t\t<\/div>\n\t\t\t\t<div class=\"elementor-element elementor-element-bdbb13e elementor-widget elementor-widget-text-editor\" data-id=\"bdbb13e\" data-element_type=\"widget\" data-widget_type=\"text-editor.default\">\n\t\t\t\t<div class=\"elementor-widget-container\">\n\t\t\t\t\t\t\t\t<div class=\"elementor-text-editor elementor-clearfix\">\n\t\t\t\t<h3><span style=\"color: #3a9cdf;\"><strong>Angaben gem\u00e4\u00df \u00a7 5 TMG:<\/strong><\/span><\/h3><p>Otto Spaleck Stiftung f\u00fcr innovative Technologien<br \/>Robert-Bosch-Str. 15<br \/>46397 Bocholt<\/p><h3><span style=\"color: #3a9cdf;\"><strong>Vertreten durch:<\/strong><\/span><\/h3><p><strong>Hochschulstiftung Westm\u00fcnsterland<\/strong><\/p><p><strong>Vorstand<\/strong><\/p><p><strong>Joachim Sch\u00fcling, Sven Wolf<\/strong><\/p><p>Willy-Brand-Str. 3<\/p><p>46395 Bocholt<\/p><h3><span style=\"color: #3a9cdf;\"><strong>Kontakt:<\/strong><\/span><\/h3><p>Telefon: +49 2871 2134 \u2013 0<br \/>E-Mail: stiftung@spaleck.de<\/p><h3><span style=\"color: #3a9cdf;\"><strong>Verantwortlich f\u00fcr den Inhalt nach \u00a7 55 Abs. 2 RStV:<\/strong><\/span><\/h3><p>Carsten S\u00fchling<br \/>Robert-Bosch-Str. 15<br \/>46397 Bocholt<\/p><p>Wir sind nicht bereit oder verpflichtet, an Streitbeilegungsverfahren vor einer Verbraucherschlichtungsstelle teilzunehmen.<\/p><h3><span style=\"color: #3a9cdf;\"><strong>Realisiert durch:<br \/><\/strong><\/span><\/h3><p><a href=\"https:\/\/heskamp-medien.de\/\">heskamp-medien.de<\/a><\/p><h3><span style=\"color: #3a9cdf;\"><strong>Haftung f\u00fcr Inhalte<\/strong><\/span><\/h3><p>Als Diensteanbieter sind wir gem\u00e4\u00df \u00a7 7 Abs.1 TMG f\u00fcr eigene Inhalte auf diesen Seiten nach den allgemeinen Gesetzen verantwortlich. Nach \u00a7\u00a7 8 bis 10 TMG sind wir als Diensteanbieter jedoch nicht verpflichtet, \u00fcbermittelte oder gespeicherte fremde Informationen zu \u00fcberwachen oder nach Umst\u00e4nden zu forschen, die auf eine rechtswidrige T\u00e4tigkeit hinweisen.<\/p><p>Verpflichtungen zur Entfernung oder Sperrung der Nutzung von Informationen nach den allgemeinen Gesetzen bleiben hiervon unber\u00fchrt. Eine diesbez\u00fcgliche Haftung ist jedoch erst ab dem Zeitpunkt der Kenntnis einer konkreten Rechtsverletzung m\u00f6glich. Bei Bekanntwerden von entsprechenden Rechtsverletzungen werden wir diese Inhalte umgehend entfernen.<\/p><h3><span style=\"color: #3a9cdf;\"><strong>Haftung f\u00fcr Links<\/strong><\/span><\/h3><p>Unser Angebot enth\u00e4lt Links zu externen Webseiten Dritter, auf deren Inhalte wir keinen Einfluss haben. Deshalb k\u00f6nnen wir f\u00fcr diese fremden Inhalte auch keine Gew\u00e4hr \u00fcbernehmen. F\u00fcr die Inhalte der verlinkten Seiten ist stets der jeweilige Anbieter oder Betreiber der Seiten verantwortlich. Die verlinkten Seiten wurden zum Zeitpunkt der Verlinkung auf m\u00f6gliche Rechtsverst\u00f6\u00dfe \u00fcberpr\u00fcft. Rechtswidrige Inhalte waren zum Zeitpunkt der Verlinkung nicht erkennbar.<\/p><p>Eine permanente inhaltliche Kontrolle der verlinkten Seiten ist jedoch ohne konkrete Anhaltspunkte einer Rechtsverletzung nicht zumutbar. Bei Bekanntwerden von Rechtsverletzungen werden wir derartige Links umgehend entfernen.<\/p><h3><span style=\"color: #3a9cdf;\"><strong>Urheberrecht<\/strong><\/span><\/h3><p>Die durch die Seitenbetreiber erstellten Inhalte und Werke auf diesen Seiten unterliegen dem deutschen Urheberrecht. Die Vervielf\u00e4ltigung, Bearbeitung, Verbreitung und jede Art der Verwertung au\u00dferhalb der Grenzen des Urheberrechtes bed\u00fcrfen der schriftlichen Zustimmung des jeweiligen Autors bzw. Erstellers. Downloads und Kopien dieser Seite sind nur f\u00fcr den privaten, nicht kommerziellen Gebrauch gestattet.<\/p><p>Soweit die Inhalte auf dieser Seite nicht vom Betreiber erstellt wurden, werden die Urheberrechte Dritter beachtet. Insbesondere werden Inhalte Dritter als solche gekennzeichnet. Sollten Sie trotzdem auf eine Urheberrechtsverletzung aufmerksam werden, bitten wir um einen entsprechenden Hinweis. Bei Bekanntwerden von Rechtsverletzungen werden wir derartige Inhalte umgehend entfernen.<\/p><h3><span style=\"color: #3a9cdf;\"><strong>Site Notice<\/strong><\/span><\/h3><h3><strong><span style=\"color: #3a9cdf;\">Information provided according to Sec. 5 German Telemedia Act (TMG):<\/span><\/strong><\/h3><p>Spaleck GmbH &amp; Co. KG<br \/>Robert-Bosch-Str. 15<br \/>46397 Bocholt<\/p><h3><span style=\"color: #3a9cdf;\"><strong>Represented by:<\/strong><\/span><\/h3><p>die Spaleck Beteiligungs GmbH, die Ihrerseits vertreten wird durch die Gesch\u00e4ftsf\u00fchrer Andreas Ahler und Carsten S\u00fchling<\/p><h3><span style=\"color: #3a9cdf;\"><strong>Contact:<\/strong><\/span><\/h3><p>Telephone: +49 2871 2134 \u2013 0<br \/>Telefax: +49 2871 2134 \u2013 24<br \/>Email: info@spaleck.de<\/p><h3><span style=\"color: #3a9cdf;\"><strong>Register entry:<\/strong><\/span><\/h3><p>Entry in the Handelsregister.<br \/>Registering court:Amtsgericht Coesfeld<br \/>Registration number: HRA 4886<\/p><h3><span style=\"color: #3a9cdf;\"><strong>VAT:<\/strong><\/span><\/h3><p>VAT Id number according to Sec. 27 a German Value Added Tax Act:<br \/>DE124172203<\/p><h3><span style=\"color: #3a9cdf;\"><strong>Responsible for contents acc. to Sec. 55, para. 2 German Federal Broadcasting Agreement (RstV):<\/strong><\/span><\/h3><p>Carsten S\u00fchling<br \/>Robert-Bosch-Str. 15<br \/>46397 Bocholt<\/p><p>We do not take part in online dispute resolutions at consumer arbitration boards.<\/p><h3><span style=\"color: #3a9cdf;\"><strong>Liability for Contents<\/strong><\/span><\/h3><p>As service providers, we are liable for own contents of these websites according to Sec. 7, paragraph 1 German Telemedia Act (TMG). However, according to Sec. 8 to 10 German Telemedia Act (TMG), service providers are not obligated to permanently monitor submitted or stored information or to search for evidences that indicate illegal activities.<\/p><p>Legal obligations to removing information or to blocking the use of information remain unchallenged. In this case, liability is only possible at the time of knowledge about a specific violation of law. Illegal contents will be removed immediately at the time we get knowledge of them.<\/p><h3><span style=\"color: #3a9cdf;\"><strong>Liability for Links<\/strong><\/span><\/h3><p>Our offer includes links to external third party websites. We have no influence on the contents of those websites, therefore we cannot guarantee for those contents. Providers or administrators of linked websites are always responsible for their own contents.<\/p><p>The linked websites had been checked for possible violations of law at the time of the establishment of the link. Illegal contents were not detected at the time of the linking. A permanent monitoring of the contents of linked websites cannot be imposed without reasonable indications that there has been a violation of law. Illegal links will be removed immediately at the time we get knowledge of them.<\/p><h3><span style=\"color: #3a9cdf;\"><strong>Copyright<\/strong><\/span><\/h3><p>Contents and compilations published on these websites by the providers are subject to German copyright laws. Reproduction, editing, distribution as well as the use of any kind outside the scope of the copyright law require a written permission of the author or originator. Downloads and copies of these websites are permitted for private use only.<br \/>The commercial use of our contents without permission of the originator is prohibited.<\/p><p>Copyright laws of third parties are respected as long as the contents on these websites do not originate from the provider. Contributions of third parties on this site are indicated as such. However, if you notice any violations of copyright law, please inform us. Such contents will be removed immediately.<\/p>\t\t\t\t\t<\/div>\n\t\t\t\t\t\t<\/div>\n\t\t\t\t<\/div>\n\t\t\t\t\t\t<\/div>\n\t\t\t\t\t<\/div>\n\t\t<\/div>\n\t\t\t\t\t\t\t\t<\/div>\n\t\t\t\t\t<\/div>\n\t\t<\/section>\n\t\t\t\t\t\t\t\t\t<\/div>\n\t\t\t<\/div>\n\t\t\t\t\t<\/div>\n\t\t","protected":false},"excerpt":{"rendered":"<p>Impressum Angaben gem\u00e4\u00df \u00a7 5 TMG: Otto Spaleck Stiftung f\u00fcr innovative TechnologienRobert-Bosch-Str. 1546397 Bocholt Vertreten durch: Hochschulstiftung Westm\u00fcnsterland Vorstand Joachim Sch\u00fcling, Sven Wolf Willy-Brand-Str. 3 46395 Bocholt Kontakt: Telefon: +49 2871 2134 \u2013 0E-Mail: stiftung@spaleck.de Verantwortlich f\u00fcr den Inhalt nach \u00a7 55 Abs. 2 RStV: Carsten S\u00fchlingRobert-Bosch-Str. 1546397 Bocholt Wir sind nicht bereit oder verpflichtet, [&hellip;]<\/p>\n","protected":false},"author":2,"featured_media":0,"parent":0,"menu_order":0,"comment_status":"closed","ping_status":"closed","template":"","meta":[],"yoast_head":"<!-- This site is optimized with the Yoast SEO plugin v19.6.1 - https:\/\/yoast.com\/wordpress\/plugins\/seo\/ -->\n<title>Impressum - Otto Spaleck Stiftung<\/title>\n<meta name=\"robots\" content=\"index, follow, max-snippet:-1, max-image-preview:large, max-video-preview:-1\" \/>\n<link rel=\"canonical\" href=\"https:\/\/otto-spaleck-stiftung.de\/nl\/impressum\/\" \/>\n<meta property=\"og:locale\" content=\"nl_NL\" \/>\n<meta property=\"og:type\" content=\"article\" \/>\n<meta property=\"og:title\" content=\"Impressum - Otto Spaleck Stiftung\" \/>\n<meta property=\"og:description\" content=\"Impressum Angaben gem\u00e4\u00df \u00a7 5 TMG: Otto Spaleck Stiftung f\u00fcr innovative TechnologienRobert-Bosch-Str. 1546397 Bocholt Vertreten durch: Hochschulstiftung Westm\u00fcnsterland Vorstand Joachim Sch\u00fcling, Sven Wolf Willy-Brand-Str. 3 46395 Bocholt Kontakt: Telefon: +49 2871 2134 \u2013 0E-Mail: stiftung@spaleck.de Verantwortlich f\u00fcr den Inhalt nach \u00a7 55 Abs. 2 RStV: Carsten S\u00fchlingRobert-Bosch-Str. 1546397 Bocholt Wir sind nicht bereit oder verpflichtet, [&hellip;]\" \/>\n<meta property=\"og:url\" content=\"https:\/\/otto-spaleck-stiftung.de\/nl\/impressum\/\" \/>\n<meta property=\"og:site_name\" content=\"Otto Spaleck Stiftung\" \/>\n<meta property=\"article:modified_time\" content=\"2021-06-23T12:38:27+00:00\" \/>\n<meta name=\"twitter:card\" content=\"summary_large_image\" \/>\n<meta name=\"twitter:label1\" content=\"Geschatte leestijd\" \/>\n\t<meta name=\"twitter:data1\" content=\"4 minuten\" \/>\n<script type=\"application\/ld+json\" class=\"yoast-schema-graph\">{\"@context\":\"https:\/\/schema.org\",\"@graph\":[{\"@type\":\"WebPage\",\"@id\":\"https:\/\/otto-spaleck-stiftung.de\/nl\/impressum\/\",\"url\":\"https:\/\/otto-spaleck-stiftung.de\/nl\/impressum\/\",\"name\":\"Impressum - Otto Spaleck Stiftung\",\"isPartOf\":{\"@id\":\"https:\/\/otto-spaleck-stiftung.de\/nl\/#website\"},\"datePublished\":\"2021-03-16T08:48:08+00:00\",\"dateModified\":\"2021-06-23T12:38:27+00:00\",\"breadcrumb\":{\"@id\":\"https:\/\/otto-spaleck-stiftung.de\/nl\/impressum\/#breadcrumb\"},\"inLanguage\":\"nl\",\"potentialAction\":[{\"@type\":\"ReadAction\",\"target\":[\"https:\/\/otto-spaleck-stiftung.de\/nl\/impressum\/\"]}]},{\"@type\":\"BreadcrumbList\",\"@id\":\"https:\/\/otto-spaleck-stiftung.de\/nl\/impressum\/#breadcrumb\",\"itemListElement\":[{\"@type\":\"ListItem\",\"position\":1,\"name\":\"Startseite\",\"item\":\"https:\/\/otto-spaleck-stiftung.de\/nl\/\"},{\"@type\":\"ListItem\",\"position\":2,\"name\":\"Impressum\"}]},{\"@type\":\"WebSite\",\"@id\":\"https:\/\/otto-spaleck-stiftung.de\/nl\/#website\",\"url\":\"https:\/\/otto-spaleck-stiftung.de\/nl\/\",\"name\":\"Otto Spaleck Stiftung\",\"description\":\"\",\"publisher\":{\"@id\":\"https:\/\/otto-spaleck-stiftung.de\/nl\/#organization\"},\"potentialAction\":[{\"@type\":\"SearchAction\",\"target\":{\"@type\":\"EntryPoint\",\"urlTemplate\":\"https:\/\/otto-spaleck-stiftung.de\/nl\/?s={search_term_string}\"},\"query-input\":\"required name=search_term_string\"}],\"inLanguage\":\"nl\"},{\"@type\":\"Organization\",\"@id\":\"https:\/\/otto-spaleck-stiftung.de\/nl\/#organization\",\"name\":\"Otto Spaleck Stiftung\",\"url\":\"https:\/\/otto-spaleck-stiftung.de\/nl\/\",\"sameAs\":[],\"logo\":{\"@type\":\"ImageObject\",\"inLanguage\":\"nl\",\"@id\":\"https:\/\/otto-spaleck-stiftung.de\/nl\/#\/schema\/logo\/image\/\",\"url\":\"https:\/\/otto-spaleck-stiftung.de\/wp-content\/uploads\/2021\/02\/cropped-logo_header.png\",\"contentUrl\":\"https:\/\/otto-spaleck-stiftung.de\/wp-content\/uploads\/2021\/02\/cropped-logo_header.png\",\"width\":467,\"height\":185,\"caption\":\"Otto Spaleck Stiftung\"},\"image\":{\"@id\":\"https:\/\/otto-spaleck-stiftung.de\/nl\/#\/schema\/logo\/image\/\"}}]}<\/script>\n<!-- \/ Yoast SEO plugin. -->","yoast_head_json":{"title":"Impressum - Otto Spaleck Stiftung","robots":{"index":"index","follow":"follow","max-snippet":"max-snippet:-1","max-image-preview":"max-image-preview:large","max-video-preview":"max-video-preview:-1"},"canonical":"https:\/\/otto-spaleck-stiftung.de\/nl\/impressum\/","og_locale":"nl_NL","og_type":"article","og_title":"Impressum - Otto Spaleck Stiftung","og_description":"Impressum Angaben gem\u00e4\u00df \u00a7 5 TMG: Otto Spaleck Stiftung f\u00fcr innovative TechnologienRobert-Bosch-Str. 1546397 Bocholt Vertreten durch: Hochschulstiftung Westm\u00fcnsterland Vorstand Joachim Sch\u00fcling, Sven Wolf Willy-Brand-Str. 3 46395 Bocholt Kontakt: Telefon: +49 2871 2134 \u2013 0E-Mail: stiftung@spaleck.de Verantwortlich f\u00fcr den Inhalt nach \u00a7 55 Abs. 2 RStV: Carsten S\u00fchlingRobert-Bosch-Str. 1546397 Bocholt Wir sind nicht bereit oder verpflichtet, [&hellip;]","og_url":"https:\/\/otto-spaleck-stiftung.de\/nl\/impressum\/","og_site_name":"Otto Spaleck Stiftung","article_modified_time":"2021-06-23T12:38:27+00:00","twitter_card":"summary_large_image","twitter_misc":{"Geschatte leestijd":"4 minuten"},"schema":{"@context":"https:\/\/schema.org","@graph":[{"@type":"WebPage","@id":"https:\/\/otto-spaleck-stiftung.de\/nl\/impressum\/","url":"https:\/\/otto-spaleck-stiftung.de\/nl\/impressum\/","name":"Impressum - Otto Spaleck Stiftung","isPartOf":{"@id":"https:\/\/otto-spaleck-stiftung.de\/nl\/#website"},"datePublished":"2021-03-16T08:48:08+00:00","dateModified":"2021-06-23T12:38:27+00:00","breadcrumb":{"@id":"https:\/\/otto-spaleck-stiftung.de\/nl\/impressum\/#breadcrumb"},"inLanguage":"nl","potentialAction":[{"@type":"ReadAction","target":["https:\/\/otto-spaleck-stiftung.de\/nl\/impressum\/"]}]},{"@type":"BreadcrumbList","@id":"https:\/\/otto-spaleck-stiftung.de\/nl\/impressum\/#breadcrumb","itemListElement":[{"@type":"ListItem","position":1,"name":"Startseite","item":"https:\/\/otto-spaleck-stiftung.de\/nl\/"},{"@type":"ListItem","position":2,"name":"Impressum"}]},{"@type":"WebSite","@id":"https:\/\/otto-spaleck-stiftung.de\/nl\/#website","url":"https:\/\/otto-spaleck-stiftung.de\/nl\/","name":"Otto Spaleck Stiftung","description":"","publisher":{"@id":"https:\/\/otto-spaleck-stiftung.de\/nl\/#organization"},"potentialAction":[{"@type":"SearchAction","target":{"@type":"EntryPoint","urlTemplate":"https:\/\/otto-spaleck-stiftung.de\/nl\/?s={search_term_string}"},"query-input":"required name=search_term_string"}],"inLanguage":"nl"},{"@type":"Organization","@id":"https:\/\/otto-spaleck-stiftung.de\/nl\/#organization","name":"Otto Spaleck Stiftung","url":"https:\/\/otto-spaleck-stiftung.de\/nl\/","sameAs":[],"logo":{"@type":"ImageObject","inLanguage":"nl","@id":"https:\/\/otto-spaleck-stiftung.de\/nl\/#\/schema\/logo\/image\/","url":"https:\/\/otto-spaleck-stiftung.de\/wp-content\/uploads\/2021\/02\/cropped-logo_header.png","contentUrl":"https:\/\/otto-spaleck-stiftung.de\/wp-content\/uploads\/2021\/02\/cropped-logo_header.png","width":467,"height":185,"caption":"Otto Spaleck Stiftung"},"image":{"@id":"https:\/\/otto-spaleck-stiftung.de\/nl\/#\/schema\/logo\/image\/"}}]}},"_links":{"self":[{"href":"https:\/\/otto-spaleck-stiftung.de\/nl\/wp-json\/wp\/v2\/pages\/1083"}],"collection":[{"href":"https:\/\/otto-spaleck-stiftung.de\/nl\/wp-json\/wp\/v2\/pages"}],"about":[{"href":"https:\/\/otto-spaleck-stiftung.de\/nl\/wp-json\/wp\/v2\/types\/page"}],"author":[{"embeddable":true,"href":"https:\/\/otto-spaleck-stiftung.de\/nl\/wp-json\/wp\/v2\/users\/2"}],"replies":[{"embeddable":true,"href":"https:\/\/otto-spaleck-stiftung.de\/nl\/wp-json\/wp\/v2\/comments?post=1083"}],"version-history":[{"count":3,"href":"https:\/\/otto-spaleck-stiftung.de\/nl\/wp-json\/wp\/v2\/pages\/1083\/revisions"}],"predecessor-version":[{"id":1398,"href":"https:\/\/otto-spaleck-stiftung.de\/nl\/wp-json\/wp\/v2\/pages\/1083\/revisions\/1398"}],"wp:attachment":[{"href":"https:\/\/otto-spaleck-stiftung.de\/nl\/wp-json\/wp\/v2\/media?parent=1083"}],"curies":[{"name":"wp","href":"https:\/\/api.w.org\/{rel}","templated":true}]}}